{"id":235454,"date":"2021-08-11T12:57:04","date_gmt":"2021-08-11T17:57:04","guid":{"rendered":"https:\/\/www.distribuidoraperfuquimicos.com\/web\/?post_type=product&#038;p=235454"},"modified":"2024-09-28T11:15:55","modified_gmt":"2024-09-28T16:15:55","slug":"sauvage-x-100ml","status":"publish","type":"product","link":"https:\/\/www.distribuidoraperfuquimicos.com\/web\/producto\/sauvage-x-100ml\/","title":{"rendered":"ENVASE ARGOS"},"content":{"rendered":"<p>descripci\u00f3n detallada del envase de perfume \u201cARGOS\u201d de 100 ml:<\/p>\n<ul>\n<li><strong>Dise\u00f1o<\/strong>: El envase es de vidrio transparente con un efecto ombre que va de claro en la base a un azul profundo en la parte superior. Tiene una forma cil\u00edndrica con una ligera inclinaci\u00f3n hacia la parte superior.<\/li>\n<li><strong>Base y Tap\u00f3n<\/strong>: La base y el tap\u00f3n son de color plateado y parecen ser met\u00e1licos. El tap\u00f3n es esf\u00e9rico y se ajusta perfectamente en la parte superior del frasco.<\/li>\n<li><strong>Capacidad<\/strong>: Cada botella tiene una capacidad de 100 ml, lo cual es un tama\u00f1o est\u00e1ndar para perfumes.<\/li>\n<\/ul>\n<p>PRECIOS:<\/p>\n<p>SOLO ENVASE: AL DETAL $9000, AL POR MAYOR $8500 IVA INCLUIDO<\/p>\n<p>CON ESENCIA\/PREPARADO: AL DETAL $28000, AL POR MAYOR $27500 IVA INCLUIDO<\/p>\n","protected":false},"excerpt":{"rendered":"<p>descripci\u00f3n detallada del envase de perfume \u201cARGOS\u201d de 100 ml: Dise\u00f1o: El envase es de vidrio transparente con un efecto ombre que va de claro en la base a un azul profundo en la parte superior. Tiene una forma cil\u00edndrica con una ligera inclinaci\u00f3n hacia la parte superior. Base y Tap\u00f3n: La base y el [&hellip;]<\/p>\n","protected":false},"featured_media":235447,"comment_status":"closed","ping_status":"closed","template":"","meta":{"_et_pb_use_builder":"","_et_pb_old_content":"","_et_gb_content_width":""},"product_brand":[],"product_cat":[20],"product_tag":[],"class_list":{"0":"post-235454","1":"product","2":"type-product","3":"status-publish","4":"has-post-thumbnail","6":"product_cat-envases-perfumeria","8":"first","9":"instock","10":"taxable","11":"shipping-taxable","12":"product-type-simple"},"jetpack_sharing_enabled":true,"_links":{"self":[{"href":"https:\/\/www.distribuidoraperfuquimicos.com\/web\/wp-json\/wp\/v2\/product\/235454","targetHints":{"allow":["GET"]}}],"collection":[{"href":"https:\/\/www.distribuidoraperfuquimicos.com\/web\/wp-json\/wp\/v2\/product"}],"about":[{"href":"https:\/\/www.distribuidoraperfuquimicos.com\/web\/wp-json\/wp\/v2\/types\/product"}],"replies":[{"embeddable":true,"href":"https:\/\/www.distribuidoraperfuquimicos.com\/web\/wp-json\/wp\/v2\/comments?post=235454"}],"wp:featuredmedia":[{"embeddable":true,"href":"https:\/\/www.distribuidoraperfuquimicos.com\/web\/wp-json\/wp\/v2\/media\/235447"}],"wp:attachment":[{"href":"https:\/\/www.distribuidoraperfuquimicos.com\/web\/wp-json\/wp\/v2\/media?parent=235454"}],"wp:term":[{"taxonomy":"product_brand","embeddable":true,"href":"https:\/\/www.distribuidoraperfuquimicos.com\/web\/wp-json\/wp\/v2\/product_brand?post=235454"},{"taxonomy":"product_cat","embeddable":true,"href":"https:\/\/www.distribuidoraperfuquimicos.com\/web\/wp-json\/wp\/v2\/product_cat?post=235454"},{"taxonomy":"product_tag","embeddable":true,"href":"https:\/\/www.distribuidoraperfuquimicos.com\/web\/wp-json\/wp\/v2\/product_tag?post=235454"}],"curies":[{"name":"wp","href":"https:\/\/api.w.org\/{rel}","templated":true}]}}